{"id":5955,"date":"2025-01-20T14:10:53","date_gmt":"2025-01-20T13:10:53","guid":{"rendered":"https:\/\/ikmatabishop.com\/kontakt\/"},"modified":"2025-06-03T16:20:43","modified_gmt":"2025-06-03T14:20:43","slug":"kontakt","status":"publish","type":"page","link":"https:\/\/ikmatabishop.com\/de\/kontakt\/","title":{"rendered":"Kontakt"},"content":{"rendered":"\t\t<div data-elementor-type=\"wp-page\" data-elementor-id=\"5955\" class=\"elementor elementor-5955 elementor-357\" data-elementor-post-type=\"page\">\n\t\t\t\t<div class=\"elementor-element elementor-element-05554fb e-con-full e-flex e-con e-parent\" data-id=\"05554fb\" data-element_type=\"container\" data-e-type=\"container\" data-settings=\"{&quot;background_background&quot;:&quot;classic&quot;}\">\n\t\t<div class=\"elementor-element elementor-element-82f2093 e-con-full e-flex e-con e-child\" data-id=\"82f2093\" data-element_type=\"container\" data-e-type=\"container\" data-settings=\"{&quot;background_background&quot;:&quot;classic&quot;}\">\n\t\t\t\t<div class=\"elementor-element elementor-element-4057271 elementor-widget-divider--view-line_text elementor-widget-divider--element-align-center elementor-widget elementor-widget-divider\" data-id=\"4057271\" data-element_type=\"widget\" data-e-type=\"widget\" data-widget_type=\"divider.default\">\n\t\t\t\t<div class=\"elementor-widget-container\">\n\t\t\t\t\t\t\t<div class=\"elementor-divider\">\n\t\t\t<span class=\"elementor-divider-separator\">\n\t\t\t\t\t\t\t<h1 class=\"elementor-divider__text elementor-divider__element\">\n\t\t\t\tKontakt\t\t\t\t<\/h1>\n\t\t\t\t\t\t<\/span>\n\t\t<\/div>\n\t\t\t\t\t\t<\/div>\n\t\t\t\t<\/div>\n\t\t\t\t<\/div>\n\t\t\t\t<\/div>\n\t\t<div class=\"elementor-element elementor-element-e17c35f e-flex e-con-boxed e-con e-parent\" data-id=\"e17c35f\" data-element_type=\"container\" data-e-type=\"container\">\n\t\t\t\t\t<div class=\"e-con-inner\">\n\t\t<div class=\"elementor-element elementor-element-6400d6f e-con-full e-flex e-con e-child\" data-id=\"6400d6f\" data-element_type=\"container\" data-e-type=\"container\">\n\t\t\t\t<div class=\"elementor-element elementor-element-ae58bc8 elementor-widget elementor-widget-text-editor\" data-id=\"ae58bc8\" data-element_type=\"widget\" data-e-type=\"widget\" data-widget_type=\"text-editor.default\">\n\t\t\t\t<div class=\"elementor-widget-container\">\n\t\t\t\t\t\t\t\t\t<p>Goizper Central Europe befindet sich vollst\u00e4ndig im Besitz der Goizper Gruppe (Goizper S. Coop.).<br>Goizper ist stark gewachsen und hat sich zu einer Unternehmensgruppe entwickelt, die in mehrere Gesch\u00e4ftsbereiche unterteilt ist &#8211; Industrie, Spritzen und Biotechnologie. <br>Die internationale F\u00fchrungsposition der Gruppe basiert auf einem leistungsf\u00e4higen kommerziellen Netzwerk mit 12 Tochtergesellschaften und eigenen lokalen Verkaufsb\u00fcros sowie einem umfangreichen Vertriebsnetz in mehr als 120 L\u00e4ndern auf den f\u00fcnf Kontinenten. <br>Mehr Informationen: <a href=\"https:\/\/www.goizper.com\" target=\"_blank\" rel=\"noopener\">www.goizper.com<\/a><\/p>\t\t\t\t\t\t\t\t<\/div>\n\t\t\t\t<\/div>\n\t\t\t\t<\/div>\n\t\t<div class=\"elementor-element elementor-element-62bf1e5 e-con-full e-flex e-con e-child\" data-id=\"62bf1e5\" data-element_type=\"container\" data-e-type=\"container\">\n\t\t\t\t<div class=\"elementor-element elementor-element-06ca311 elementor-widget elementor-widget-image\" data-id=\"06ca311\" data-element_type=\"widget\" data-e-type=\"widget\" data-widget_type=\"image.default\">\n\t\t\t\t<div class=\"elementor-widget-container\">\n\t\t\t\t\t\t\t\t\t\t\t\t\t\t\t<img fetchpriority=\"high\" decoding=\"async\" width=\"705\" height=\"407\" src=\"https:\/\/ikmatabishop.com\/wp-content\/uploads\/2025\/06\/G0izper-CE.png\" class=\"attachment-large size-large wp-image-7830\" alt=\"\" srcset=\"https:\/\/ikmatabishop.com\/wp-content\/uploads\/2025\/06\/G0izper-CE.png 705w, https:\/\/ikmatabishop.com\/wp-content\/uploads\/2025\/06\/G0izper-CE-300x173.png 300w, https:\/\/ikmatabishop.com\/wp-content\/uploads\/2025\/06\/G0izper-CE-600x346.png 600w\" sizes=\"(max-width: 705px) 100vw, 705px\" \/>\t\t\t\t\t\t\t\t\t\t\t\t\t\t\t<\/div>\n\t\t\t\t<\/div>\n\t\t\t\t<\/div>\n\t\t\t\t\t<\/div>\n\t\t\t\t<\/div>\n\t\t<div class=\"elementor-element elementor-element-42d3321 e-flex e-con-boxed e-con e-parent\" data-id=\"42d3321\" data-element_type=\"container\" data-e-type=\"container\">\n\t\t\t\t\t<div class=\"e-con-inner\">\n\t\t<div class=\"elementor-element elementor-element-0530877 e-con-full e-flex e-con e-child\" data-id=\"0530877\" data-element_type=\"container\" data-e-type=\"container\">\n\t\t\t\t<div class=\"elementor-element elementor-element-9635c9a elementor-widget elementor-widget-heading\" data-id=\"9635c9a\" data-element_type=\"widget\" data-e-type=\"widget\" data-widget_type=\"heading.default\">\n\t\t\t\t<div class=\"elementor-widget-container\">\n\t\t\t\t\t<h2 class=\"elementor-heading-title elementor-size-default\">Contact details<\/h2>\t\t\t\t<\/div>\n\t\t\t\t<\/div>\n\t\t\t\t<div class=\"elementor-element elementor-element-e6b56ae elementor-widget elementor-widget-icon-box\" data-id=\"e6b56ae\" data-element_type=\"widget\" data-e-type=\"widget\" data-widget_type=\"icon-box.default\">\n\t\t\t\t<div class=\"elementor-widget-container\">\n\t\t\t\t\t\t\t<div class=\"elementor-icon-box-wrapper\">\n\n\t\t\t\n\t\t\t\t\t\t<div class=\"elementor-icon-box-content\">\n\n\t\t\t\t\t\t\t\t\t<h3 class=\"elementor-icon-box-title\">\n\t\t\t\t\t\t<a href=\"mailto:goizper-ce@goizper.com\" >\n\t\t\t\t\t\t\tEMAIL\t\t\t\t\t\t<\/a>\n\t\t\t\t\t<\/h3>\n\t\t\t\t\n\t\t\t\t\t\t\t\t\t<p class=\"elementor-icon-box-description\">\n\t\t\t\t\t\tgoizper-ce@goizper.com\t\t\t\t\t<\/p>\n\t\t\t\t\n\t\t\t<\/div>\n\t\t\t\n\t\t<\/div>\n\t\t\t\t\t\t<\/div>\n\t\t\t\t<\/div>\n\t\t\t\t<div class=\"elementor-element elementor-element-3570488 elementor-widget elementor-widget-icon-box\" data-id=\"3570488\" data-element_type=\"widget\" data-e-type=\"widget\" data-widget_type=\"icon-box.default\">\n\t\t\t\t<div class=\"elementor-widget-container\">\n\t\t\t\t\t\t\t<div class=\"elementor-icon-box-wrapper\">\n\n\t\t\t\n\t\t\t\t\t\t<div class=\"elementor-icon-box-content\">\n\n\t\t\t\t\t\t\t\t\t<h3 class=\"elementor-icon-box-title\">\n\t\t\t\t\t\t<span  >\n\t\t\t\t\t\t\tADRES\t\t\t\t\t\t<\/span>\n\t\t\t\t\t<\/h3>\n\t\t\t\t\n\t\t\t\t\t\t\t\t\t<p class=\"elementor-icon-box-description\">\n\t\t\t\t\t\tGoizper Central Europe BV<BR>\n\nAmbachtsweg 4 A2<BR>\n4854 MK\u00a0 Bavel\u00a0\n\nNederland\t\t\t\t\t<\/p>\n\t\t\t\t\n\t\t\t<\/div>\n\t\t\t\n\t\t<\/div>\n\t\t\t\t\t\t<\/div>\n\t\t\t\t<\/div>\n\t\t\t\t<div class=\"elementor-element elementor-element-61af9f6 elementor-widget elementor-widget-icon-box\" data-id=\"61af9f6\" data-element_type=\"widget\" data-e-type=\"widget\" data-widget_type=\"icon-box.default\">\n\t\t\t\t<div class=\"elementor-widget-container\">\n\t\t\t\t\t\t\t<div class=\"elementor-icon-box-wrapper\">\n\n\t\t\t\n\t\t\t\t\t\t<div class=\"elementor-icon-box-content\">\n\n\t\t\t\t\t\t\t\t\t<h3 class=\"elementor-icon-box-title\">\n\t\t\t\t\t\t<span  >\n\t\t\t\t\t\t\tVAT\t\t\t\t\t\t<\/span>\n\t\t\t\t\t<\/h3>\n\t\t\t\t\n\t\t\t\t\t\t\t\t\t<p class=\"elementor-icon-box-description\">\n\t\t\t\t\t\tNL853433872B01\t\t\t\t\t<\/p>\n\t\t\t\t\n\t\t\t<\/div>\n\t\t\t\n\t\t<\/div>\n\t\t\t\t\t\t<\/div>\n\t\t\t\t<\/div>\n\t\t\t\t<div class=\"elementor-element elementor-element-d256af0 elementor-widget elementor-widget-icon-box\" data-id=\"d256af0\" data-element_type=\"widget\" data-e-type=\"widget\" data-widget_type=\"icon-box.default\">\n\t\t\t\t<div class=\"elementor-widget-container\">\n\t\t\t\t\t\t\t<div class=\"elementor-icon-box-wrapper\">\n\n\t\t\t\n\t\t\t\t\t\t<div class=\"elementor-icon-box-content\">\n\n\t\t\t\t\t\t\t\t\t<h3 class=\"elementor-icon-box-title\">\n\t\t\t\t\t\t<span  >\n\t\t\t\t\t\t\tKVK\t\t\t\t\t\t<\/span>\n\t\t\t\t\t<\/h3>\n\t\t\t\t\n\t\t\t\t\t\t\t\t\t<p class=\"elementor-icon-box-description\">\n\t\t\t\t\t\t59347422\t\t\t\t\t<\/p>\n\t\t\t\t\n\t\t\t<\/div>\n\t\t\t\n\t\t<\/div>\n\t\t\t\t\t\t<\/div>\n\t\t\t\t<\/div>\n\t\t\t\t<\/div>\n\t\t<div class=\"elementor-element elementor-element-901ad24 e-con-full e-flex e-con e-child\" data-id=\"901ad24\" data-element_type=\"container\" data-e-type=\"container\">\n\t\t\t\t<div class=\"elementor-element elementor-element-e42fbd4 elementor-widget elementor-widget-image\" data-id=\"e42fbd4\" data-element_type=\"widget\" data-e-type=\"widget\" data-widget_type=\"image.default\">\n\t\t\t\t<div class=\"elementor-widget-container\">\n\t\t\t\t\t\t\t\t\t\t\t\t\t\t\t<img decoding=\"async\" width=\"800\" height=\"400\" src=\"https:\/\/ikmatabishop.com\/wp-content\/uploads\/2025\/05\/image003.jpg\" class=\"attachment-large size-large wp-image-7582\" alt=\"\" srcset=\"https:\/\/ikmatabishop.com\/wp-content\/uploads\/2025\/05\/image003.jpg 800w, https:\/\/ikmatabishop.com\/wp-content\/uploads\/2025\/05\/image003-300x150.jpg 300w, https:\/\/ikmatabishop.com\/wp-content\/uploads\/2025\/05\/image003-768x384.jpg 768w, https:\/\/ikmatabishop.com\/wp-content\/uploads\/2025\/05\/image003-600x300.jpg 600w\" sizes=\"(max-width: 800px) 100vw, 800px\" \/>\t\t\t\t\t\t\t\t\t\t\t\t\t\t\t<\/div>\n\t\t\t\t<\/div>\n\t\t\t\t<\/div>\n\t\t\t\t\t<\/div>\n\t\t\t\t<\/div>\n\t\t<div class=\"elementor-element elementor-element-7fc83c2 e-flex e-con-boxed e-con e-parent\" data-id=\"7fc83c2\" data-element_type=\"container\" data-e-type=\"container\">\n\t\t\t\t\t<div class=\"e-con-inner\">\n\t\t<div class=\"elementor-element elementor-element-12465d5 e-con-full e-flex e-con e-child\" data-id=\"12465d5\" data-element_type=\"container\" data-e-type=\"container\">\n\t\t\t\t<div class=\"elementor-element elementor-element-e9d7690 elementor-widget elementor-widget-heading\" data-id=\"e9d7690\" data-element_type=\"widget\" data-e-type=\"widget\" data-widget_type=\"heading.default\">\n\t\t\t\t<div class=\"elementor-widget-container\">\n\t\t\t\t\t<h2 class=\"elementor-heading-title elementor-size-default\">Goizper Hauptquartier<\/h2>\t\t\t\t<\/div>\n\t\t\t\t<\/div>\n\t\t\t\t<div class=\"elementor-element elementor-element-4fba1f6 elementor-widget elementor-widget-icon-box\" data-id=\"4fba1f6\" data-element_type=\"widget\" data-e-type=\"widget\" data-widget_type=\"icon-box.default\">\n\t\t\t\t<div class=\"elementor-widget-container\">\n\t\t\t\t\t\t\t<div class=\"elementor-icon-box-wrapper\">\n\n\t\t\t\n\t\t\t\t\t\t<div class=\"elementor-icon-box-content\">\n\n\t\t\t\t\t\t\t\t\t<h3 class=\"elementor-icon-box-title\">\n\t\t\t\t\t\t<a href=\"mailto:spraying@goizper.com\" >\n\t\t\t\t\t\t\tEMAIL\t\t\t\t\t\t<\/a>\n\t\t\t\t\t<\/h3>\n\t\t\t\t\n\t\t\t\t\t\t\t\t\t<p class=\"elementor-icon-box-description\">\n\t\t\t\t\t\tspraying@goizper.com\t\t\t\t\t<\/p>\n\t\t\t\t\n\t\t\t<\/div>\n\t\t\t\n\t\t<\/div>\n\t\t\t\t\t\t<\/div>\n\t\t\t\t<\/div>\n\t\t\t\t<div class=\"elementor-element elementor-element-dad4b0b elementor-widget elementor-widget-icon-box\" data-id=\"dad4b0b\" data-element_type=\"widget\" data-e-type=\"widget\" data-widget_type=\"icon-box.default\">\n\t\t\t\t<div class=\"elementor-widget-container\">\n\t\t\t\t\t\t\t<div class=\"elementor-icon-box-wrapper\">\n\n\t\t\t\n\t\t\t\t\t\t<div class=\"elementor-icon-box-content\">\n\n\t\t\t\t\t\t\t\t\t<h3 class=\"elementor-icon-box-title\">\n\t\t\t\t\t\t<a href=\"tel:+34943786000\" >\n\t\t\t\t\t\t\tTel\t\t\t\t\t\t<\/a>\n\t\t\t\t\t<\/h3>\n\t\t\t\t\n\t\t\t\t\t\t\t\t\t<p class=\"elementor-icon-box-description\">\n\t\t\t\t\t\t+34 943786000\t\t\t\t\t<\/p>\n\t\t\t\t\n\t\t\t<\/div>\n\t\t\t\n\t\t<\/div>\n\t\t\t\t\t\t<\/div>\n\t\t\t\t<\/div>\n\t\t\t\t<div class=\"elementor-element elementor-element-7ff6dfb elementor-widget elementor-widget-icon-box\" data-id=\"7ff6dfb\" data-element_type=\"widget\" data-e-type=\"widget\" data-widget_type=\"icon-box.default\">\n\t\t\t\t<div class=\"elementor-widget-container\">\n\t\t\t\t\t\t\t<div class=\"elementor-icon-box-wrapper\">\n\n\t\t\t\n\t\t\t\t\t\t<div class=\"elementor-icon-box-content\">\n\n\t\t\t\t\t\t\t\t\t<h3 class=\"elementor-icon-box-title\">\n\t\t\t\t\t\t<span  >\n\t\t\t\t\t\t\tADRESSE\t\t\t\t\t\t<\/span>\n\t\t\t\t\t<\/h3>\n\t\t\t\t\n\t\t\t\t\t\t\t\t\t<p class=\"elementor-icon-box-description\">\n\t\t\t\t\t\tAntigua, 4<br>20577 Antzuola<br>Gipuzkoa, Spanien\t\t\t\t\t<\/p>\n\t\t\t\t\n\t\t\t<\/div>\n\t\t\t\n\t\t<\/div>\n\t\t\t\t\t\t<\/div>\n\t\t\t\t<\/div>\n\t\t\t\t<\/div>\n\t\t<div class=\"elementor-element elementor-element-205c9e6 e-con-full e-flex e-con e-child\" data-id=\"205c9e6\" data-element_type=\"container\" data-e-type=\"container\">\n\t\t\t\t<div class=\"elementor-element elementor-element-d3809e3 elementor-widget elementor-widget-image\" data-id=\"d3809e3\" data-element_type=\"widget\" data-e-type=\"widget\" data-widget_type=\"image.default\">\n\t\t\t\t<div class=\"elementor-widget-container\">\n\t\t\t\t\t\t\t\t\t\t\t\t\t\t\t<img decoding=\"async\" width=\"1024\" height=\"722\" src=\"https:\/\/ikmatabishop.com\/wp-content\/uploads\/2025\/05\/Goizper_Group-2706506661-1024x722.jpg\" class=\"attachment-large size-large wp-image-7466\" alt=\"\" srcset=\"https:\/\/ikmatabishop.com\/wp-content\/uploads\/2025\/05\/Goizper_Group-2706506661-1024x722.jpg 1024w, https:\/\/ikmatabishop.com\/wp-content\/uploads\/2025\/05\/Goizper_Group-2706506661-300x212.jpg 300w, https:\/\/ikmatabishop.com\/wp-content\/uploads\/2025\/05\/Goizper_Group-2706506661-768x542.jpg 768w, https:\/\/ikmatabishop.com\/wp-content\/uploads\/2025\/05\/Goizper_Group-2706506661-1536x1084.jpg 1536w, https:\/\/ikmatabishop.com\/wp-content\/uploads\/2025\/05\/Goizper_Group-2706506661-600x423.jpg 600w, https:\/\/ikmatabishop.com\/wp-content\/uploads\/2025\/05\/Goizper_Group-2706506661.jpg 1796w\" sizes=\"(max-width: 1024px) 100vw, 1024px\" \/>\t\t\t\t\t\t\t\t\t\t\t\t\t\t\t<\/div>\n\t\t\t\t<\/div>\n\t\t\t\t<\/div>\n\t\t\t\t\t<\/div>\n\t\t\t\t<\/div>\n\t\t<div class=\"elementor-element elementor-element-d34d080 e-con-full e-flex e-con e-parent\" data-id=\"d34d080\" data-element_type=\"container\" data-e-type=\"container\">\n\t\t\t\t<div class=\"elementor-element elementor-element-756e727 elementor-widget elementor-widget-google_maps\" data-id=\"756e727\" data-element_type=\"widget\" data-e-type=\"widget\" data-widget_type=\"google_maps.default\">\n\t\t\t\t<div class=\"elementor-widget-container\">\n\t\t\t\t\t\t\t<div class=\"elementor-custom-embed\">\n\t\t\t<iframe loading=\"lazy\"\n\t\t\t\t\tsrc=\"https:\/\/maps.google.com\/maps?q=goizper%20central%20europe&#038;t=m&#038;z=10&#038;output=embed&#038;iwloc=near\"\n\t\t\t\t\ttitle=\"goizper central europe\"\n\t\t\t\t\taria-label=\"goizper central europe\"\n\t\t\t><\/iframe>\n\t\t<\/div>\n\t\t\t\t\t\t<\/div>\n\t\t\t\t<\/div>\n\t\t\t\t<\/div>\n\t\t<div class=\"elementor-element elementor-element-c4676d9 e-flex e-con-boxed e-con e-parent\" data-id=\"c4676d9\" data-element_type=\"container\" data-e-type=\"container\">\n\t\t\t\t\t<div class=\"e-con-inner\">\n\t\t\t\t<div class=\"elementor-element elementor-element-deed0a7 elementor-widget elementor-widget-heading\" data-id=\"deed0a7\" data-element_type=\"widget\" data-e-type=\"widget\" data-widget_type=\"heading.default\">\n\t\t\t\t<div class=\"elementor-widget-container\">\n\t\t\t\t\t<h2 class=\"elementor-heading-title elementor-size-default\">Virtuelle St\u00e4nde<\/h2>\t\t\t\t<\/div>\n\t\t\t\t<\/div>\n\t\t\t\t\t<\/div>\n\t\t\t\t<\/div>\n\t\t<div class=\"elementor-element elementor-element-7b1e309 e-flex e-con-boxed e-con e-parent\" data-id=\"7b1e309\" data-element_type=\"container\" data-e-type=\"container\">\n\t\t\t\t\t<div class=\"e-con-inner\">\n\t\t<div class=\"elementor-element elementor-element-9f1decd e-con-full e-flex e-con e-child\" data-id=\"9f1decd\" data-element_type=\"container\" data-e-type=\"container\">\n\t\t\t\t<div class=\"elementor-element elementor-element-ef9de7b elementor-widget elementor-widget-image\" data-id=\"ef9de7b\" data-element_type=\"widget\" data-e-type=\"widget\" data-widget_type=\"image.default\">\n\t\t\t\t<div class=\"elementor-widget-container\">\n\t\t\t\t\t\t\t\t\t\t\t\t\t\t\t\t<a href=\"https:\/\/standvirtual.iksprayers.com\/stand\/\" target=\"_blank\">\n\t\t\t\t\t\t\t<img loading=\"lazy\" decoding=\"async\" width=\"800\" height=\"600\" src=\"https:\/\/ikmatabishop.com\/wp-content\/uploads\/2025\/05\/virtual-booth-mockup-IK.png\" class=\"attachment-large size-large wp-image-7458\" alt=\"\" srcset=\"https:\/\/ikmatabishop.com\/wp-content\/uploads\/2025\/05\/virtual-booth-mockup-IK.png 800w, https:\/\/ikmatabishop.com\/wp-content\/uploads\/2025\/05\/virtual-booth-mockup-IK-300x225.png 300w, https:\/\/ikmatabishop.com\/wp-content\/uploads\/2025\/05\/virtual-booth-mockup-IK-768x576.png 768w, https:\/\/ikmatabishop.com\/wp-content\/uploads\/2025\/05\/virtual-booth-mockup-IK-600x450.png 600w\" sizes=\"(max-width: 800px) 100vw, 800px\" \/>\t\t\t\t\t\t\t\t<\/a>\n\t\t\t\t\t\t\t\t\t\t\t\t\t\t\t<\/div>\n\t\t\t\t<\/div>\n\t\t\t\t<div class=\"elementor-element elementor-element-43603e2 elementor-widget__width-initial elementor-widget elementor-widget-heading\" data-id=\"43603e2\" data-element_type=\"widget\" data-e-type=\"widget\" data-widget_type=\"heading.default\">\n\t\t\t\t<div class=\"elementor-widget-container\">\n\t\t\t\t\t<div class=\"elementor-heading-title elementor-size-default\"><a href=\"https:\/\/standvirtual.iksprayers.com\/stand\/\" target=\"_blank\">Gehen Sie zum virtuellen Stand<\/a><\/div>\t\t\t\t<\/div>\n\t\t\t\t<\/div>\n\t\t\t\t<\/div>\n\t\t<div class=\"elementor-element elementor-element-32d9439 e-con-full e-flex e-con e-child\" data-id=\"32d9439\" data-element_type=\"container\" data-e-type=\"container\">\n\t\t\t\t<div class=\"elementor-element elementor-element-5cc898e elementor-widget elementor-widget-image\" data-id=\"5cc898e\" data-element_type=\"widget\" data-e-type=\"widget\" data-widget_type=\"image.default\">\n\t\t\t\t<div class=\"elementor-widget-container\">\n\t\t\t\t\t\t\t\t\t\t\t\t\t\t\t\t<a href=\"https:\/\/standvirtual.matabi.com\/stand\/\" target=\"_blank\">\n\t\t\t\t\t\t\t<img loading=\"lazy\" decoding=\"async\" width=\"800\" height=\"600\" src=\"https:\/\/ikmatabishop.com\/wp-content\/uploads\/2025\/05\/virtual-booth-mockup-Matabi.png\" class=\"attachment-large size-large wp-image-7462\" alt=\"\" srcset=\"https:\/\/ikmatabishop.com\/wp-content\/uploads\/2025\/05\/virtual-booth-mockup-Matabi.png 800w, https:\/\/ikmatabishop.com\/wp-content\/uploads\/2025\/05\/virtual-booth-mockup-Matabi-300x225.png 300w, https:\/\/ikmatabishop.com\/wp-content\/uploads\/2025\/05\/virtual-booth-mockup-Matabi-768x576.png 768w, https:\/\/ikmatabishop.com\/wp-content\/uploads\/2025\/05\/virtual-booth-mockup-Matabi-600x450.png 600w\" sizes=\"(max-width: 800px) 100vw, 800px\" \/>\t\t\t\t\t\t\t\t<\/a>\n\t\t\t\t\t\t\t\t\t\t\t\t\t\t\t<\/div>\n\t\t\t\t<\/div>\n\t\t\t\t<div class=\"elementor-element elementor-element-513b931 elementor-widget__width-initial elementor-widget elementor-widget-heading\" data-id=\"513b931\" data-element_type=\"widget\" data-e-type=\"widget\" data-widget_type=\"heading.default\">\n\t\t\t\t<div class=\"elementor-widget-container\">\n\t\t\t\t\t<div class=\"elementor-heading-title elementor-size-default\"><a href=\"https:\/\/standvirtual.matabi.com\/stand\/\" target=\"_blank\">Gehen Sie zum virtuellen Stand<\/a><\/div>\t\t\t\t<\/div>\n\t\t\t\t<\/div>\n\t\t\t\t<\/div>\n\t\t\t\t\t<\/div>\n\t\t\t\t<\/div>\n\t\t\t\t<\/div>\n\t\t","protected":false},"excerpt":{"rendered":"<p>Kontakt Goizper Central Europe befindet sich vollst\u00e4ndig im Besitz der Goizper Gruppe (Goizper S. Coop.).Goizper ist stark gewachsen und hat sich zu einer Unternehmensgruppe entwickelt, die in mehrere Gesch\u00e4ftsbereiche unterteilt ist &#8211; Industrie, Spritzen und Biotechnologie. Die internationale F\u00fchrungsposition der Gruppe basiert auf einem leistungsf\u00e4higen kommerziellen Netzwerk mit 12 Tochtergesellschaften und eigenen lokalen Verkaufsb\u00fcros sowie [&hellip;]<\/p>\n","protected":false},"author":1,"featured_media":7287,"parent":0,"menu_order":0,"comment_status":"closed","ping_status":"closed","template":"","meta":{"site-sidebar-layout":"no-sidebar","site-content-layout":"page-builder","ast-site-content-layout":"full-width-container","site-content-style":"unboxed","site-sidebar-style":"unboxed","ast-global-header-display":"","ast-banner-title-visibility":"","ast-main-header-display":"","ast-hfb-above-header-display":"","ast-hfb-below-header-display":"","ast-hfb-mobile-header-display":"","site-post-title":"disabled","ast-breadcrumbs-content":"disabled","ast-featured-img":"disabled","footer-sml-layout":"","ast-disable-related-posts":"","theme-transparent-header-meta":"enabled","adv-header-id-meta":"","stick-header-meta":"","header-above-stick-meta":"","header-main-stick-meta":"","header-below-stick-meta":"","astra-migrate-meta-layouts":"default","ast-page-background-enabled":"default","ast-page-background-meta":{"desktop":{"background-color":"var(--ast-global-color-4)","background-image":"","background-repeat":"repeat","background-position":"center center","background-size":"auto","background-attachment":"scroll","background-type":"","background-media":"","overlay-type":"","overlay-color":"","overlay-opacity":"","overlay-gradient":""},"tablet":{"background-color":"","background-image":"","background-repeat":"repeat","background-position":"center center","background-size":"auto","background-attachment":"scroll","background-type":"","background-media":"","overlay-type":"","overlay-color":"","overlay-opacity":"","overlay-gradient":""},"mobile":{"background-color":"","background-image":"","background-repeat":"repeat","background-position":"center center","background-size":"auto","background-attachment":"scroll","background-type":"","background-media":"","overlay-type":"","overlay-color":"","overlay-opacity":"","overlay-gradient":""}},"ast-content-background-meta":{"desktop":{"background-color":"var(--ast-global-color-5)","background-image":"","background-repeat":"repeat","background-position":"center center","background-size":"auto","background-attachment":"scroll","background-type":"","background-media":"","overlay-type":"","overlay-color":"","overlay-opacity":"","overlay-gradient":""},"tablet":{"background-color":"var(--ast-global-color-5)","background-image":"","background-repeat":"repeat","background-position":"center center","background-size":"auto","background-attachment":"scroll","background-type":"","background-media":"","overlay-type":"","overlay-color":"","overlay-opacity":"","overlay-gradient":""},"mobile":{"background-color":"var(--ast-global-color-5)","background-image":"","background-repeat":"repeat","background-position":"center center","background-size":"auto","background-attachment":"scroll","background-type":"","background-media":"","overlay-type":"","overlay-color":"","overlay-opacity":"","overlay-gradient":""}},"footnotes":""},"class_list":["post-5955","page","type-page","status-publish","has-post-thumbnail","hentry"],"_links":{"self":[{"href":"https:\/\/ikmatabishop.com\/de\/wp-json\/wp\/v2\/pages\/5955","targetHints":{"allow":["GET"]}}],"collection":[{"href":"https:\/\/ikmatabishop.com\/de\/wp-json\/wp\/v2\/pages"}],"about":[{"href":"https:\/\/ikmatabishop.com\/de\/wp-json\/wp\/v2\/types\/page"}],"author":[{"embeddable":true,"href":"https:\/\/ikmatabishop.com\/de\/wp-json\/wp\/v2\/users\/1"}],"replies":[{"embeddable":true,"href":"https:\/\/ikmatabishop.com\/de\/wp-json\/wp\/v2\/comments?post=5955"}],"version-history":[{"count":8,"href":"https:\/\/ikmatabishop.com\/de\/wp-json\/wp\/v2\/pages\/5955\/revisions"}],"predecessor-version":[{"id":7840,"href":"https:\/\/ikmatabishop.com\/de\/wp-json\/wp\/v2\/pages\/5955\/revisions\/7840"}],"wp:featuredmedia":[{"embeddable":true,"href":"https:\/\/ikmatabishop.com\/de\/wp-json\/wp\/v2\/media\/7287"}],"wp:attachment":[{"href":"https:\/\/ikmatabishop.com\/de\/wp-json\/wp\/v2\/media?parent=5955"}],"curies":[{"name":"wp","href":"https:\/\/api.w.org\/{rel}","templated":true}]}}