{"id":8861,"date":"2025-08-20T12:58:53","date_gmt":"2025-08-20T10:58:53","guid":{"rendered":"https:\/\/ikmatabishop.com\/lieferbedingungen\/"},"modified":"2025-08-20T13:04:35","modified_gmt":"2025-08-20T11:04:35","slug":"lieferbedingungen","status":"publish","type":"page","link":"https:\/\/ikmatabishop.com\/de\/lieferbedingungen\/","title":{"rendered":"Lieferbedingungen"},"content":{"rendered":"\t\t<div data-elementor-type=\"wp-page\" data-elementor-id=\"8861\" class=\"elementor elementor-8861 elementor-8853\" data-elementor-post-type=\"page\">\n\t\t\t\t<div class=\"elementor-element elementor-element-afcd00d e-con-full e-flex e-con e-parent\" data-id=\"afcd00d\" data-element_type=\"container\" data-e-type=\"container\" data-settings=\"{&quot;background_background&quot;:&quot;classic&quot;}\">\n\t\t<div class=\"elementor-element elementor-element-1b1b0a5 e-con-full e-flex e-con e-child\" data-id=\"1b1b0a5\" data-element_type=\"container\" data-e-type=\"container\" data-settings=\"{&quot;background_background&quot;:&quot;classic&quot;}\">\n\t\t\t\t<div class=\"elementor-element elementor-element-ead9276 elementor-widget elementor-widget-heading\" data-id=\"ead9276\" data-element_type=\"widget\" data-e-type=\"widget\" data-widget_type=\"heading.default\">\n\t\t\t\t<div class=\"elementor-widget-container\">\n\t\t\t\t\t<h1 class=\"elementor-heading-title elementor-size-default\">Lieferbedingungen<\/h1>\t\t\t\t<\/div>\n\t\t\t\t<\/div>\n\t\t\t\t<\/div>\n\t\t\t\t<\/div>\n\t\t<div class=\"elementor-element elementor-element-800acf9 e-flex e-con-boxed e-con e-parent\" data-id=\"800acf9\" data-element_type=\"container\" data-e-type=\"container\">\n\t\t\t\t\t<div class=\"e-con-inner\">\n\t\t\t\t<div class=\"elementor-element elementor-element-d55d896 elementor-widget elementor-widget-text-editor\" data-id=\"d55d896\" data-element_type=\"widget\" data-e-type=\"widget\" data-widget_type=\"text-editor.default\">\n\t\t\t\t<div class=\"elementor-widget-container\">\n\t\t\t\t\t\t\t\t\t<p data-start=\"266\" data-end=\"997\"><strong data-start=\"266\" data-end=\"297\">Artikel 1. Anwendbarkeit <\/strong><br data-start=\"297\" data-end=\"300\">1.1 Alle Angebote, Bestellungen und Vereinbarungen von Goizper Central Europe unterliegen diesen Allgemeinen Gesch\u00e4ftsbedingungen.<br data-start=\"430\" data-end=\"433\">1.2 Die Annahme eines Angebots oder die Aufgabe einer Bestellung bedeutet, dass Sie die Anwendbarkeit dieser Allgemeinen Gesch\u00e4ftsbedingungen akzeptieren.<br data-start=\"573\" data-end=\"576\">1.3 Von den Bestimmungen dieser Bedingungen kann nur schriftlich abgewichen werden, wobei die \u00fcbrigen Bestimmungen in vollem Umfang in Kraft bleiben.<br data-start=\"725\" data-end=\"728\">1.4 Alle Rechte und Anspr\u00fcche, die in diesen Allgemeinen Gesch\u00e4ftsbedingungen und in etwaigen weiteren Vereinbarungen zugunsten von Goizper Central Europe festgelegt sind, gelten auch zugunsten von Vermittlern und anderen von Goizper Central Europe eingeschalteten Dritten.<\/p><p data-start=\"266\" data-end=\"997\"><strong style=\"font-style: inherit;\" data-start=\"999\" data-end=\"1041\"> <\/strong><\/p><p data-start=\"266\" data-end=\"997\"><strong style=\"font-style: inherit;\" data-start=\"999\" data-end=\"1041\">Artikel 2: Angebote\/Vereinbarungen <\/strong><\/p><p data-start=\"999\" data-end=\"1721\">2.1 Alle Angebote von Goizper Central Europe sind freibleibend und Goizper Central Europe beh\u00e4lt sich ausdr\u00fccklich das Recht vor, Preise zu \u00e4ndern, insbesondere wenn dies aufgrund von (gesetzlichen) Vorschriften erforderlich ist. Siehe auch Artikel 3.6.<br data-start=\"1312\" data-end=\"1315\">2.2 Ein Vertrag kommt erst nach Annahme Ihrer Bestellung durch Goizper Central Europe zustande. Goizper Central Europe ist berechtigt, Bestellungen abzulehnen oder die Lieferung an bestimmte Bedingungen zu kn\u00fcpfen, sofern nicht ausdr\u00fccklich etwas anderes vereinbart wurde. Wenn eine Bestellung nicht angenommen wird, teilt Goizper Central Europe dies innerhalb von vier (4) Werktagen nach Eingang der Bestellung mit.   <\/p><p data-start=\"999\" data-end=\"1721\"> <\/p><p data-start=\"1723\" data-end=\"4237\"><strong data-start=\"1723\" data-end=\"1759\">Artikel 3: Preise und Zahlungen <\/strong><br data-start=\"1759\" data-end=\"1762\">3.1 Die f\u00fcr die angebotenen Produkte und Dienstleistungen angegebenen Preise verstehen sich in Euro, ohne Mehrwertsteuer und ohne Bearbeitungs- und Versandkosten, ohne Steuern oder andere Abgaben, sofern nicht anders angegeben oder schriftlich vereinbart.<br data-start=\"1995\" data-end=\"1998\">3.2 Die Zahlung sollte immer per Vorauskasse oder per Bank erfolgen. Im Falle einer Bankzahlung gilt als Datum der Zahlung das Datum der Gutschrift auf dem Bankkonto von Goizper Central Europe. Goizper Central Europe beh\u00e4lt sich das Recht vor, die bestellten Waren erst dann zu versenden, wenn die Zahlung sichtbar auf dem Konto von Goizper Central Europe eingegangen ist, es sei denn, es wurde schriftlich etwas anderes vereinbart.<br data-start=\"2413\" data-end=\"2416\">3.3 Bei \u00dcberschreitung der Zahlungsfrist sind Sie ab dem Tag, an dem die Zahlung h\u00e4tte erfolgen m\u00fcssen, in Verzug und schulden ab diesem Tag Verzugszinsen in H\u00f6he von 1% pro Monat oder Teil eines Monats auf den ausstehenden Betrag. Wenn die Zahlung nach einer Mahnung durch Goizper Central Europe erfolgt, schulden Sie einen Betrag von f\u00fcnfundzwanzig Euro (25,00) an Verwaltungskosten und, wenn Goizper Central Europe seine Forderung zur Eintreibung auslagert, schulden Sie auch die Inkassokosten, die mindestens f\u00fcnfzehn Prozent (15%) des ausstehenden Betrags betragen, unbeschadet der Befugnis von Goizper Central Europe, stattdessen die tats\u00e4chlich angefallenen au\u00dfergerichtlichen Inkassokosten zu fordern.   <br data-start=\"3154\" data-end=\"3157\">3.4 Wenn Sie mit einer Zahlung in Verzug geraten, ist Goizper Central Europe berechtigt, den betreffenden Vertrag und die damit zusammenh\u00e4ngenden Vereinbarungen auszusetzen oder aufzul\u00f6sen (die Ausf\u00fchrung).<br data-start=\"3368\" data-end=\"3371\">3.5 Erh\u00f6hen sich die Preise f\u00fcr die angebotenen Produkte und Dienstleistungen in der Zeit zwischen der Bestellung und ihrer Ausf\u00fchrung, haben Sie das Recht, die Bestellung zu stornieren oder den Vertrag innerhalb von zehn (10) Tagen, nachdem Goizper Central Europe Sie \u00fcber die Preiserh\u00f6hung informiert hat, aufzul\u00f6sen.<br data-start=\"3672\" data-end=\"3675\">3.6 Wenn Sie \u00fcber den Webshop bestellen, werden die Transportkosten berechnet und auf L\u00e4nge und Gewicht der bestellten Artikel gepr\u00fcft. Infolgedessen kann es manchmal zu Abweichungen bei der Transportberechnung kommen. Goizper Central Europe wird Sie vor der Lieferung der Waren dar\u00fcber informieren. In Absprache mit dem Kunden wird dann eine f\u00fcr beide Parteien akzeptable L\u00f6sung gefunden. Wenn der Kunde nicht einverstanden ist, wird die Bestellung storniert und die vom Kunden geleistete Zahlung wird von Goizper Central Europe innerhalb von 7 Tagen zur\u00fcckerstattet.   <\/p><p data-start=\"1723\" data-end=\"4237\"><strong style=\"font-style: inherit;\" data-start=\"4239\" data-end=\"4262\"> <\/strong><\/p><p data-start=\"1723\" data-end=\"4237\"><strong style=\"font-style: inherit;\" data-start=\"4239\" data-end=\"4262\">Artikel 4: Lieferung <\/strong><\/p><p data-start=\"4239\" data-end=\"5692\">4.1 Die von Goizper Central Europe angegebenen Lieferfristen sind lediglich Richtwerte. Die Nichteinhaltung einer Lieferfrist berechtigt Sie nicht zu einer Entsch\u00e4digung oder dem Recht, Ihre Bestellung zu stornieren oder den Vertrag aufzul\u00f6sen, es sei denn, die Nichteinhaltung der Lieferfrist ist so gro\u00df, dass Ihnen die Aufrechterhaltung des Vertrags nicht zugemutet werden kann. In diesem Fall sind Sie berechtigt, die Bestellung zu stornieren oder den Vertrag in dem erforderlichen Umfang aufzul\u00f6sen.  <br data-start=\"4787\" data-end=\"4790\">4.2 Die Lieferung der Produkte erfolgt an dem Ort und zu dem Zeitpunkt, an dem die Produkte f\u00fcr den Versand an Sie bereitstehen.<br data-start=\"4916\" data-end=\"4919\">4.3 Wenn ein Paket nicht von einer Abholstelle abgeholt wird und daher nach zwei (2) Wochen automatisch an das Lager von Goizper Central Europe zur\u00fcckgeschickt wird, gilt dies als R\u00fccksendung auf Initiative des Kunden.<br data-start=\"5149\" data-end=\"5152\">4.4 Die R\u00fccksendung von Paketen ist m\u00f6glich, nachdem der Kunde Goizper Central Europe kontaktiert, die Bestellnummer angegeben und die korrekte Lieferadresse best\u00e4tigt hat. F\u00fcr die R\u00fccksendung werden erneut Versandkosten berechnet.<br data-start=\"5436\" data-end=\"5439\">4.5 Um R\u00fccksendungen aufgrund von Nichtabholung zu vermeiden, ist der Kunde verpflichtet, die Lieferadresse bei der Bestellung sorgf\u00e4ltig zu pr\u00fcfen, das Paket rechtzeitig bei der Abholstelle abzuholen und eventuelle Mahnungen per E-Mail oder SMS zur Kenntnis zu nehmen. <\/p><p data-start=\"4239\" data-end=\"5692\"> <\/p><p data-start=\"5694\" data-end=\"5993\"><strong data-start=\"5694\" data-end=\"5728\">Artikel 5: Eigentumsvorbehalt <\/strong><br data-start=\"5728\" data-end=\"5731\">5.1 Das Eigentum an den gelieferten Produkten geht erst dann \u00fcber, wenn Sie alles bezahlt haben, was Sie Goizper Central Europe aufgrund einer Vereinbarung schulden. Das Risiko in Bezug auf die Produkte geht bereits zum Zeitpunkt der Lieferung auf Sie \u00fcber. <\/p><p data-start=\"5694\" data-end=\"5993\"> <\/p><p data-start=\"5995\" data-end=\"6411\"><strong data-start=\"5995\" data-end=\"6055\">Artikel 6: Rechte an geistigem und gewerblichem Eigentum <\/strong><br data-start=\"6055\" data-end=\"6058\">6.1 Sie m\u00fcssen alle geistigen und gewerblichen Eigentumsrechte an den von Goizper Central Europe gelieferten Produkten vollst\u00e4ndig und bedingungslos respektieren.<br data-start=\"6230\" data-end=\"6233\">6.2 Goizper Central Europe garantiert nicht, dass die an Sie gelieferten Produkte keine (ungeschriebenen) geistigen und\/oder gewerblichen Eigentumsrechte Dritter verletzen.<\/p><p data-start=\"5995\" data-end=\"6411\"> <\/p><p data-start=\"6413\" data-end=\"7574\"><strong data-start=\"6413\" data-end=\"6457\">Artikel 7: Reklamationen und Haftung <\/strong><br data-start=\"6457\" data-end=\"6460\">7.1 Sie sind verpflichtet, bei der Lieferung zu pr\u00fcfen, ob die Produkte dem Vertrag entsprechen. Sollte dies nicht der Fall sein, m\u00fcssen Sie Goizper Central Europe so schnell wie m\u00f6glich, auf jeden Fall aber innerhalb von vier (4) Werktagen nach der Lieferung oder zumindest nach einer angemessenen Beobachtung, schriftlich\/per E-Mail unter Angabe von Gr\u00fcnden dar\u00fcber informieren. <br data-start=\"6829\" data-end=\"6832\">7.2 Wenn sich herausstellt, dass die Produkte nicht der Vereinbarung entsprechen, hat Goizper Central Europe die Wahl, die betreffenden Produkte bei R\u00fcckgabe durch neue Produkte zu ersetzen oder den Rechnungswert zu erstatten.<br data-start=\"7089\" data-end=\"7092\">7.3 Wenn Sie ein Produkt aus irgendeinem Grund nicht kaufen m\u00f6chten, sind Sie als Wiederverk\u00e4ufer berechtigt, das Produkt innerhalb von sieben (8) Werktagen nach der Lieferung an Goizper Central Europe zur\u00fcckzusenden. R\u00fccksendungen werden in diesem Fall nur akzeptiert, wenn die Verpackung des Produkts unbesch\u00e4digt ist, Goizper Central Europe im Voraus \u00fcber die R\u00fccksendung(en) informiert wurde und wenn die Kosten f\u00fcr die R\u00fccksendung zu Ihren Lasten gehen. <\/p><p data-start=\"6413\" data-end=\"7574\"> <\/p><p data-start=\"7576\" data-end=\"8330\"><strong data-start=\"7576\" data-end=\"7599\">Artikel 8. garantie <\/strong><br data-start=\"7599\" data-end=\"7602\">8.1 Wenn Goizper Central Europe Produkte an den Kunden liefert, ist Goizper Central Europe dem Kunden gegen\u00fcber niemals zu einer weitergehenden Garantie verpflichtet als der, die Goizper Central Europe gegen\u00fcber seinem Lieferanten zusteht. Die Garantiezeit wird immer deutlich auf der Rechnung angegeben. Reklamationen wegen \u00e4u\u00dferlich sichtbarer M\u00e4ngel m\u00fcssen schriftlich oder per E-Mail gem\u00e4\u00df den Vertragsbedingungen eingereicht werden, sp\u00e4testens jedoch 4 (vier) Tage nach Erhalt der Ware durch den Kunden. Reklamationen, die nach Ablauf dieser Frist bei Goizper Central Europe eingehen, brauchen von Goizper Central Europe nicht bearbeitet zu werden.   <\/p><p data-start=\"7576\" data-end=\"8330\"> <\/p><p data-start=\"8332\" data-end=\"8880\"><strong data-start=\"8332\" data-end=\"8372\">Artikel 9. Anordnungen\/Kommunikation <\/strong><br data-start=\"8372\" data-end=\"8375\">9.1 Goizper Central Europe haftet nicht f\u00fcr Missverst\u00e4ndnisse, Verst\u00fcmmelungen, Verz\u00f6gerungen oder die nicht ordnungsgem\u00e4\u00dfe \u00dcbermittlung von Auftr\u00e4gen und Nachrichten, die sich aus der Nutzung des Internets oder anderer Kommunikationsmittel im Verkehr zwischen Ihnen und Goizper Central Europe oder zwischen Goizper Central Europe und Dritten ergeben, soweit diese die Beziehung zwischen Ihnen und Goizper Central Europe betreffen, es sei denn, es liegt Vorsatz oder grobe Fahrl\u00e4ssigkeit seitens Goizper Central Europe vor.<\/p><p data-start=\"8332\" data-end=\"8880\"> <\/p><p data-start=\"8882\" data-end=\"9679\"><strong data-start=\"8882\" data-end=\"8907\">Artikel 10. H\u00f6here Gewalt <\/strong><br data-start=\"8907\" data-end=\"8910\">10.1 Unbeschadet ihrer sonstigen Rechte ist Goizper Central Europe im Falle h\u00f6herer Gewalt berechtigt, nach eigenem Ermessen die Ausf\u00fchrung Ihrer Bestellung auszusetzen oder den Vertrag ohne gerichtliche Intervention aufzul\u00f6sen, indem sie Sie schriftlich davon in Kenntnis setzt, ohne dass Goizper Central Europe zur Zahlung einer Entsch\u00e4digung verpflichtet ist, es sei denn, dies w\u00e4re unter den gegebenen Umst\u00e4nden nach den Ma\u00dfst\u00e4ben der Angemessenheit und Fairness unzumutbar.<br data-start=\"9407\" data-end=\"9410\">10.2 Unter h\u00f6herer Gewalt ist jeder Mangel zu verstehen, der Goizper Central Europe nicht angelastet werden kann, da er nicht auf ihr Verschulden zur\u00fcckzuf\u00fchren ist und nicht aufgrund von Gesetzen, Rechtsakten oder allgemein anerkannten Praktiken auf ihr Konto geht.<\/p><p data-start=\"8882\" data-end=\"9679\"> <\/p><p data-start=\"9681\" data-end=\"10831\"><strong data-start=\"9681\" data-end=\"9705\">Artikel 11. Sonstiges <\/strong><br data-start=\"9705\" data-end=\"9708\">11.1 Wenn Sie Goizper Central Europe schriftlich eine Adresse mitteilen, ist Goizper Central Europe berechtigt, alle Bestellungen an diese Adresse zu senden, es sei denn, Sie geben schriftlich eine andere Adresse an, an die Ihre Bestellungen gesendet werden sollen.<br data-start=\"9980\" data-end=\"9983\">11.2 Wenn Abweichungen von diesen Bedingungen von Goizper Central Europe, ob stillschweigend oder nicht, f\u00fcr einen k\u00fcrzeren oder l\u00e4ngeren Zeitraum zugelassen wurden, ber\u00fchrt dies nicht das Recht von Goizper Central Europe, weiterhin die direkte und strikte Einhaltung dieser Bedingungen zu verlangen. Sie k\u00f6nnen niemals Rechte mit der Begr\u00fcndung geltend machen, dass Goizper Central Europe diese Gesch\u00e4ftsbedingungen flexibel anwendet.<br data-start=\"10350\" data-end=\"10353\">11.3 Sollten eine oder mehrere Bestimmungen dieser Gesch\u00e4ftsbedingungen oder einer anderen Vereinbarung mit Goizper Central Europe im Widerspruch zu einer anwendbaren gesetzlichen Bestimmung stehen, wird die betreffende Bestimmung hinf\u00e4llig und durch eine neue, \u00e4hnliche, von Goizper Central Europe zu bestimmende Bestimmung ersetzt.<br data-start=\"10716\" data-end=\"10719\">11.4 Goizper Central Europe ist berechtigt, sich bei der Ausf\u00fchrung Ihrer Bestellung(en) Dritter zu bedienen. <\/p><p data-start=\"9681\" data-end=\"10831\"> <\/p><p data-start=\"10833\" data-end=\"11222\"><strong data-start=\"10833\" data-end=\"10887\">Artikel 12. Anwendbares Recht und zust\u00e4ndiges Gericht <\/strong><br data-start=\"10887\" data-end=\"10890\">12.1 F\u00fcr alle Rechte, Pflichten, Angebote, Auftr\u00e4ge und Vertr\u00e4ge, auf die diese Bedingungen Anwendung finden, sowie f\u00fcr diese Bedingungen gilt ausschlie\u00dflich niederl\u00e4ndisches Recht.<br data-start=\"11094\" data-end=\"11097\">12.2 Alle Streitigkeiten zwischen den Parteien werden ausschlie\u00dflich dem zust\u00e4ndigen Gericht in den Niederlanden vorgelegt.<\/p>\t\t\t\t\t\t\t\t<\/div>\n\t\t\t\t<\/div>\n\t\t\t\t\t<\/div>\n\t\t\t\t<\/div>\n\t\t<div class=\"elementor-element elementor-element-2d31f6f e-flex e-con-boxed e-con e-parent\" data-id=\"2d31f6f\" data-element_type=\"container\" data-e-type=\"container\">\n\t\t\t\t\t<div class=\"e-con-inner\">\n\t\t\t\t\t<\/div>\n\t\t\t\t<\/div>\n\t\t\t\t<\/div>\n\t\t","protected":false},"excerpt":{"rendered":"<p>Artikel 1. Anwendbarkeit 1.1 Alle Angebote, Bestellungen und Vereinbarungen von Goizper Central Europe unterliegen diesen Allgemeinen Gesch\u00e4ftsbedingungen.1.2 Die Annahme eines Angebots oder die Aufgabe einer Bestellung bedeutet, dass Sie die Anwendbarkeit dieser Allgemeinen Gesch\u00e4ftsbedingungen akzeptieren.1.3 Von den Bestimmungen dieser Bedingungen kann nur schriftlich abgewichen werden, wobei die \u00fcbrigen Bestimmungen in vollem Umfang in Kraft bleiben.1.4 [&hellip;]<\/p>\n","protected":false},"author":1,"featured_media":0,"parent":0,"menu_order":0,"comment_status":"closed","ping_status":"closed","template":"","meta":{"site-sidebar-layout":"no-sidebar","site-content-layout":"page-builder","ast-site-content-layout":"full-width-container","site-content-style":"default","site-sidebar-style":"default","ast-global-header-display":"","ast-banner-title-visibility":"","ast-main-header-display":"","ast-hfb-above-header-display":"","ast-hfb-below-header-display":"","ast-hfb-mobile-header-display":"","site-post-title":"disabled","ast-breadcrumbs-content":"","ast-featured-img":"disabled","footer-sml-layout":"","ast-disable-related-posts":"","theme-transparent-header-meta":"","adv-header-id-meta":"","stick-header-meta":"","header-above-stick-meta":"","header-main-stick-meta":"","header-below-stick-meta":"","astra-migrate-meta-layouts":"default","ast-page-background-enabled":"default","ast-page-background-meta":{"desktop":{"background-color":"var(--ast-global-color-4)","background-image":"","background-repeat":"repeat","background-position":"center center","background-size":"auto","background-attachment":"scroll","background-type":"","background-media":"","overlay-type":"","overlay-color":"","overlay-opacity":"","overlay-gradient":""},"tablet":{"background-color":"","background-image":"","background-repeat":"repeat","background-position":"center center","background-size":"auto","background-attachment":"scroll","background-type":"","background-media":"","overlay-type":"","overlay-color":"","overlay-opacity":"","overlay-gradient":""},"mobile":{"background-color":"","background-image":"","background-repeat":"repeat","background-position":"center center","background-size":"auto","background-attachment":"scroll","background-type":"","background-media":"","overlay-type":"","overlay-color":"","overlay-opacity":"","overlay-gradient":""}},"ast-content-background-meta":{"desktop":{"background-color":"var(--ast-global-color-5)","background-image":"","background-repeat":"repeat","background-position":"center center","background-size":"auto","background-attachment":"scroll","background-type":"","background-media":"","overlay-type":"","overlay-color":"","overlay-opacity":"","overlay-gradient":""},"tablet":{"background-color":"var(--ast-global-color-5)","background-image":"","background-repeat":"repeat","background-position":"center center","background-size":"auto","background-attachment":"scroll","background-type":"","background-media":"","overlay-type":"","overlay-color":"","overlay-opacity":"","overlay-gradient":""},"mobile":{"background-color":"var(--ast-global-color-5)","background-image":"","background-repeat":"repeat","background-position":"center center","background-size":"auto","background-attachment":"scroll","background-type":"","background-media":"","overlay-type":"","overlay-color":"","overlay-opacity":"","overlay-gradient":""}},"footnotes":""},"class_list":["post-8861","page","type-page","status-publish","hentry"],"_links":{"self":[{"href":"https:\/\/ikmatabishop.com\/de\/wp-json\/wp\/v2\/pages\/8861","targetHints":{"allow":["GET"]}}],"collection":[{"href":"https:\/\/ikmatabishop.com\/de\/wp-json\/wp\/v2\/pages"}],"about":[{"href":"https:\/\/ikmatabishop.com\/de\/wp-json\/wp\/v2\/types\/page"}],"author":[{"embeddable":true,"href":"https:\/\/ikmatabishop.com\/de\/wp-json\/wp\/v2\/users\/1"}],"replies":[{"embeddable":true,"href":"https:\/\/ikmatabishop.com\/de\/wp-json\/wp\/v2\/comments?post=8861"}],"version-history":[{"count":2,"href":"https:\/\/ikmatabishop.com\/de\/wp-json\/wp\/v2\/pages\/8861\/revisions"}],"predecessor-version":[{"id":8867,"href":"https:\/\/ikmatabishop.com\/de\/wp-json\/wp\/v2\/pages\/8861\/revisions\/8867"}],"wp:attachment":[{"href":"https:\/\/ikmatabishop.com\/de\/wp-json\/wp\/v2\/media?parent=8861"}],"curies":[{"name":"wp","href":"https:\/\/api.w.org\/{rel}","templated":true}]}}