{"id":8865,"date":"2025-08-20T12:58:53","date_gmt":"2025-08-20T10:58:53","guid":{"rendered":"https:\/\/ikmatabishop.com\/conditions-de-livraison\/"},"modified":"2025-08-20T13:04:36","modified_gmt":"2025-08-20T11:04:36","slug":"conditions-de-livraison","status":"publish","type":"page","link":"https:\/\/ikmatabishop.com\/fr\/conditions-de-livraison\/","title":{"rendered":"Conditions de livraison"},"content":{"rendered":"\t\t<div data-elementor-type=\"wp-page\" data-elementor-id=\"8865\" class=\"elementor elementor-8865 elementor-8853\" data-elementor-post-type=\"page\">\n\t\t\t\t<div class=\"elementor-element elementor-element-afcd00d e-con-full e-flex e-con e-parent\" data-id=\"afcd00d\" data-element_type=\"container\" data-e-type=\"container\" data-settings=\"{&quot;background_background&quot;:&quot;classic&quot;}\">\n\t\t<div class=\"elementor-element elementor-element-1b1b0a5 e-con-full e-flex e-con e-child\" data-id=\"1b1b0a5\" data-element_type=\"container\" data-e-type=\"container\" data-settings=\"{&quot;background_background&quot;:&quot;classic&quot;}\">\n\t\t\t\t<div class=\"elementor-element elementor-element-ead9276 elementor-widget elementor-widget-heading\" data-id=\"ead9276\" data-element_type=\"widget\" data-e-type=\"widget\" data-widget_type=\"heading.default\">\n\t\t\t\t<div class=\"elementor-widget-container\">\n\t\t\t\t\t<h1 class=\"elementor-heading-title elementor-size-default\">Conditions de livraison<\/h1>\t\t\t\t<\/div>\n\t\t\t\t<\/div>\n\t\t\t\t<\/div>\n\t\t\t\t<\/div>\n\t\t<div class=\"elementor-element elementor-element-800acf9 e-flex e-con-boxed e-con e-parent\" data-id=\"800acf9\" data-element_type=\"container\" data-e-type=\"container\">\n\t\t\t\t\t<div class=\"e-con-inner\">\n\t\t\t\t<div class=\"elementor-element elementor-element-d55d896 elementor-widget elementor-widget-text-editor\" data-id=\"d55d896\" data-element_type=\"widget\" data-e-type=\"widget\" data-widget_type=\"text-editor.default\">\n\t\t\t\t<div class=\"elementor-widget-container\">\n\t\t\t\t\t\t\t\t\t<p data-start=\"266\" data-end=\"997\"><strong data-start=\"266\" data-end=\"297\">Article 1. Champ d&rsquo;application <\/strong><br data-start=\"297\" data-end=\"300\">1.1 Toutes les offres, commandes et accords de Goizper Central Europe sont soumis aux pr\u00e9sentes conditions g\u00e9n\u00e9rales.<br data-start=\"430\" data-end=\"433\">1.2 L&rsquo;acceptation d&rsquo;une offre ou la passation d&rsquo;une commande implique que vous acceptez l&rsquo;applicabilit\u00e9 des pr\u00e9sentes conditions g\u00e9n\u00e9rales.<br data-start=\"573\" data-end=\"576\">1.3 Il ne peut \u00eatre d\u00e9rog\u00e9 aux dispositions des pr\u00e9sentes conditions que par \u00e9crit, auquel cas les autres dispositions restent pleinement en vigueur.<br data-start=\"725\" data-end=\"728\">1.4 Tous les droits et pr\u00e9tentions, tels que stipul\u00e9s dans les pr\u00e9sentes conditions g\u00e9n\u00e9rales et dans tout autre accord au profit de Goizper Central Europe, sont \u00e9galement stipul\u00e9s au profit des interm\u00e9diaires et autres tiers engag\u00e9s par Goizper Central Europe.<\/p><p data-start=\"266\" data-end=\"997\"><strong style=\"font-style: inherit;\" data-start=\"999\" data-end=\"1041\"> <\/strong><\/p><p data-start=\"266\" data-end=\"997\"><strong style=\"font-style: inherit;\" data-start=\"999\" data-end=\"1041\">Article 2 &#8211; Offres\/accords <\/strong><\/p><p data-start=\"999\" data-end=\"1721\">2.1 Toutes les offres de Goizper Central Europe sont sans engagement et Goizper Central Europe se r\u00e9serve express\u00e9ment le droit de modifier les prix, en particulier lorsque cela est n\u00e9cessaire sur la base de r\u00e9glementations (l\u00e9gales). Voir \u00e9galement l&rsquo;article 3.6.<br data-start=\"1312\" data-end=\"1315\">2.2 Un contrat n&rsquo;est conclu qu&rsquo;apr\u00e8s acceptation de votre commande par Goizper Central Europe. Goizper Central Europe a le droit de refuser des commandes ou d&rsquo;imposer certaines conditions \u00e0 la livraison, sauf stipulation contraire expresse. Si une commande n&rsquo;est pas accept\u00e9e, Goizper Central Europe le communiquera dans les quatre (4) jours ouvrables suivant la r\u00e9ception de la commande.   <\/p><p data-start=\"999\" data-end=\"1721\"> <\/p><p data-start=\"1723\" data-end=\"4237\"><strong data-start=\"1723\" data-end=\"1759\">Article 3 &#8211; Prix et paiements <\/strong><br data-start=\"1759\" data-end=\"1762\">3.1 Les prix indiqu\u00e9s pour les produits et services propos\u00e9s sont en euros, hors TVA et hors frais de manutention et d&rsquo;exp\u00e9dition, toutes taxes ou autres pr\u00e9l\u00e8vements, sauf indication contraire ou accord \u00e9crit.<br data-start=\"1995\" data-end=\"1998\">3.2 Le paiement doit toujours \u00eatre effectu\u00e9 \u00e0 l&rsquo;avance ou par voie bancaire. Dans le cas d&rsquo;un paiement par banque, la date de paiement sera la date \u00e0 laquelle le compte bancaire de Goizper Central Europe sera cr\u00e9dit\u00e9. Goizper Central Europe se r\u00e9serve le droit de ne pas exp\u00e9dier les marchandises command\u00e9es tant que le paiement n&rsquo;a pas \u00e9t\u00e9 cr\u00e9dit\u00e9 de mani\u00e8re visible sur le compte de Goizper Central Europe, sauf accord \u00e9crit contraire.<br data-start=\"2413\" data-end=\"2416\">3.3 Si le d\u00e9lai de paiement est d\u00e9pass\u00e9, vous serez en d\u00e9faut \u00e0 partir du jour o\u00f9 le paiement aurait d\u00fb \u00eatre effectu\u00e9 et vous serez redevable d&rsquo;un int\u00e9r\u00eat de retard de 1 % par mois ou partie de mois sur le montant impay\u00e9 \u00e0 partir de ce jour. Si le paiement est effectu\u00e9 apr\u00e8s un rappel de Goizper Central Europe, vous serez redevable d&rsquo;un montant de vingt-cinq euros (25,00) en frais administratifs et si Goizper Central Europe sous-traite sa demande de recouvrement, vous serez \u00e9galement redevable des frais de recouvrement, qui s&rsquo;\u00e9l\u00e8veront \u00e0 au moins quinze pour cent (15 %) du montant impay\u00e9, sans pr\u00e9judice du pouvoir de Goizper Central Europe de r\u00e9clamer les frais de recouvrement extrajudiciaires r\u00e9els encourus en lieu et place de ceux-ci.   <br data-start=\"3154\" data-end=\"3157\">3.4 Si vous \u00eates en d\u00e9faut de paiement, Goizper Central Europe a le droit de suspendre ou de r\u00e9silier (l&rsquo;ex\u00e9cution) de l&rsquo;accord concern\u00e9 et des accords connexes.<br data-start=\"3368\" data-end=\"3371\">3.5 Si les prix des produits et services propos\u00e9s augmentent entre la commande et son ex\u00e9cution, vous avez le droit d&rsquo;annuler la commande ou de r\u00e9silier le contrat dans un d\u00e9lai de dix (10) jours \u00e0 compter de la date \u00e0 laquelle Goizper Central Europe vous a inform\u00e9 de l&rsquo;augmentation des prix.<br data-start=\"3672\" data-end=\"3675\">3.6 Lorsque des commandes sont pass\u00e9es via la boutique en ligne, les frais de transport sont calcul\u00e9s et test\u00e9s en fonction de la longueur et du poids des articles command\u00e9s. Goizper Central Europe vous en informera avant la livraison des marchandises. En concertation avec le client, une solution acceptable pour les deux parties sera trouv\u00e9e. Si le client n&rsquo;est pas d&rsquo;accord, la commande sera annul\u00e9e et tout paiement effectu\u00e9 par le client sera rembours\u00e9 par Goizper Central Europe dans les 7 jours.   <\/p><p data-start=\"1723\" data-end=\"4237\"><strong style=\"font-style: inherit;\" data-start=\"4239\" data-end=\"4262\"> <\/strong><\/p><p data-start=\"1723\" data-end=\"4237\"><strong style=\"font-style: inherit;\" data-start=\"4239\" data-end=\"4262\">Article 4 &#8211; Livraison <\/strong><\/p><p data-start=\"4239\" data-end=\"5692\">4.1 Les d\u00e9lais de livraison indiqu\u00e9s par Goizper Central Europe sont purement indicatifs. Le non-respect d&rsquo;un d\u00e9lai de livraison ne vous donne pas droit \u00e0 un d\u00e9dommagement ou \u00e0 l&rsquo;annulation de votre commande ou \u00e0 la r\u00e9siliation du contrat, sauf si le non-respect du d\u00e9lai de livraison est tel qu&rsquo;il ne peut \u00eatre raisonnablement exig\u00e9 de vous que vous mainteniez le contrat. Dans ce cas, vous avez le droit d&rsquo;annuler la commande ou de r\u00e9silier l&rsquo;accord dans la mesure n\u00e9cessaire.  <br data-start=\"4787\" data-end=\"4790\">4.2 La livraison des produits a lieu au lieu et au moment o\u00f9 les produits sont pr\u00eats \u00e0 vous \u00eatre exp\u00e9di\u00e9s.<br data-start=\"4916\" data-end=\"4919\">4.3 Si un colis n&rsquo;est pas enlev\u00e9 \u00e0 un point de collecte et est donc automatiquement renvoy\u00e9 \u00e0 l&rsquo;entrep\u00f4t de Goizper Central Europe apr\u00e8s deux (2) semaines, cela sera consid\u00e9r\u00e9 comme un envoi de retour \u00e0 l&rsquo;initiative du client.<br data-start=\"5149\" data-end=\"5152\">4.4 La r\u00e9exp\u00e9dition des colis retourn\u00e9s est possible apr\u00e8s que le client a contact\u00e9 Goizper Central Europe, communiqu\u00e9 le num\u00e9ro de commande et confirm\u00e9 l&rsquo;adresse de livraison correcte. Les frais d&rsquo;exp\u00e9dition seront \u00e0 nouveau factur\u00e9s pour la r\u00e9exp\u00e9dition.<br data-start=\"5436\" data-end=\"5439\">4.5 Afin d&rsquo;\u00e9viter les retours pour cause de non-enl\u00e8vement, le client est tenu de v\u00e9rifier soigneusement l&rsquo;adresse de livraison lors de la commande, de retirer le colis au point de retrait \u00e0 temps et de tenir compte des rappels \u00e9ventuels par e-mail ou SMS. <\/p><p data-start=\"4239\" data-end=\"5692\"> <\/p><p data-start=\"5694\" data-end=\"5993\"><strong data-start=\"5694\" data-end=\"5728\">Article 5 &#8211; R\u00e9serve de propri\u00e9t\u00e9 <\/strong><br data-start=\"5728\" data-end=\"5731\">5.1 La propri\u00e9t\u00e9 des produits livr\u00e9s n&rsquo;est transf\u00e9r\u00e9e que si vous avez pay\u00e9 tout ce que vous devez \u00e0 Goizper Central Europe en vertu de tout accord. Le risque relatif aux produits vous est d\u00e9j\u00e0 transf\u00e9r\u00e9 au moment de la livraison. <\/p><p data-start=\"5694\" data-end=\"5993\"> <\/p><p data-start=\"5995\" data-end=\"6411\"><strong data-start=\"5995\" data-end=\"6055\">Article 6 &#8211; Droits de propri\u00e9t\u00e9 intellectuelle et industrielle <\/strong><br data-start=\"6055\" data-end=\"6058\">6.1 Vous devez respecter pleinement et inconditionnellement tous les droits de propri\u00e9t\u00e9 intellectuelle et industrielle attach\u00e9s aux produits fournis par Goizper Central Europe.<br data-start=\"6230\" data-end=\"6233\">6.2 Goizper Central Europe ne garantit pas que les produits qui vous sont fournis n&rsquo;enfreignent pas les droits de propri\u00e9t\u00e9 intellectuelle et\/ou industrielle (non \u00e9crits) de tiers.<\/p><p data-start=\"5995\" data-end=\"6411\"> <\/p><p data-start=\"6413\" data-end=\"7574\"><strong data-start=\"6413\" data-end=\"6457\">Article 7 &#8211; Plaintes et responsabilit\u00e9 <\/strong><br data-start=\"6457\" data-end=\"6460\">7.1 Vous \u00eates tenu de v\u00e9rifier \u00e0 la livraison si les produits sont conformes au contrat. Si ce n&rsquo;est pas le cas, vous devez en informer Goizper Central Europe par \u00e9crit\/email, en indiquant les raisons, le plus rapidement possible et en tout cas dans les quatre (4) jours ouvrables suivant la livraison, ou au moins apr\u00e8s que l&rsquo;observation a \u00e9t\u00e9 raisonnablement possible. <br data-start=\"6829\" data-end=\"6832\">7.2 S&rsquo;il est prouv\u00e9 que les produits ne sont pas conformes \u00e0 l&rsquo;accord, Goizper Central Europe a le choix de remplacer les produits concern\u00e9s par de nouveaux produits lors de leur retour ou de rembourser la valeur de la facture.<br data-start=\"7089\" data-end=\"7092\">7.3 Si vous ne souhaitez pas acheter un produit pour quelque raison que ce soit, vous avez le droit, en tant que revendeur, de renvoyer le produit \u00e0 Goizper Central Europe dans les sept (8) jours ouvrables suivant la livraison. Les envois de retour ne seront accept\u00e9s dans ce cas que si l&#8217;emballage du produit n&rsquo;est pas endommag\u00e9, si Goizper Central Europe a \u00e9t\u00e9 inform\u00e9 \u00e0 l&rsquo;avance de l&rsquo;envoi ou des envois de retour, et si les frais d&rsquo;envoi de retour sont \u00e0 votre charge. <\/p><p data-start=\"6413\" data-end=\"7574\"> <\/p><p data-start=\"7576\" data-end=\"8330\"><strong data-start=\"7576\" data-end=\"7599\">Article 8 &#8211; Garantie <\/strong><br data-start=\"7599\" data-end=\"7602\">8.1 Si Goizper Central Europe livre des produits au client, Goizper Central Europe n&rsquo;est jamais tenu \u00e0 une garantie plus \u00e9tendue vis-\u00e0-vis du client que celle \u00e0 laquelle Goizper Central Europe a droit vis-\u00e0-vis de son fournisseur. La p\u00e9riode de garantie est toujours clairement indiqu\u00e9e sur la facture. Les r\u00e9clamations pour des d\u00e9fauts visibles de l&rsquo;ext\u00e9rieur doivent \u00eatre introduites par \u00e9crit ou par e-mail conform\u00e9ment aux conditions contractuelles, mais au plus tard 4 (quatre) jours apr\u00e8s la r\u00e9ception des marchandises par le client. Les r\u00e9clamations re\u00e7ues par Goizper Central Europe apr\u00e8s l&rsquo;expiration de ce d\u00e9lai ne doivent pas \u00eatre trait\u00e9es par Goizper Central Europe.   <\/p><p data-start=\"7576\" data-end=\"8330\"> <\/p><p data-start=\"8332\" data-end=\"8880\"><strong data-start=\"8332\" data-end=\"8372\">Article 9. Ordres\/communication <\/strong><br data-start=\"8372\" data-end=\"8375\">9.1 Goizper Central Europe n&rsquo;est pas responsable des malentendus, mutilations, retards ou de la mauvaise transmission des commandes et des messages r\u00e9sultant de l&rsquo;utilisation d&rsquo;Internet ou de tout autre moyen de communication dans le trafic entre vous et Goizper Central Europe, ou entre Goizper Central Europe et des tiers, dans la mesure o\u00f9 ceux-ci sont li\u00e9s \u00e0 la relation entre vous et Goizper Central Europe, sauf et dans la mesure o\u00f9 il peut y avoir intention ou n\u00e9gligence grave de la part de Goizper Central Europe.<\/p><p data-start=\"8332\" data-end=\"8880\"> <\/p><p data-start=\"8882\" data-end=\"9679\"><strong data-start=\"8882\" data-end=\"8907\">Article 10. Force majeure <\/strong><br data-start=\"8907\" data-end=\"8910\">10.1 Sans pr\u00e9judice de ses autres droits, Goizper Central Europe a le droit, en cas de force majeure, de suspendre l&rsquo;ex\u00e9cution de votre commande ou de r\u00e9silier le contrat sans intervention judiciaire, en vous en informant par \u00e9crit et sans que Goizper Central Europe ne soit oblig\u00e9 de payer une quelconque indemnit\u00e9, \u00e0 moins que cela ne soit inacceptable dans les circonstances donn\u00e9es selon les normes de la raison et de l&rsquo;\u00e9quit\u00e9.<br data-start=\"9407\" data-end=\"9410\">10.2 Par force majeure, on entend tout manquement qui ne peut \u00eatre imput\u00e9 \u00e0 Goizper Central Europe, car il n&rsquo;est pas d\u00fb \u00e0 sa faute et n&rsquo;est pas de son fait en vertu de la loi, d&rsquo;un acte juridique ou d&rsquo;une pratique g\u00e9n\u00e9ralement accept\u00e9e.<\/p><p data-start=\"8882\" data-end=\"9679\"> <\/p><p data-start=\"9681\" data-end=\"10831\"><strong data-start=\"9681\" data-end=\"9705\">Article 11. Divers <\/strong><br data-start=\"9705\" data-end=\"9708\">11.1 Si vous communiquez une adresse \u00e0 Goizper Central Europe par \u00e9crit, Goizper Central Europe a le droit d&rsquo;envoyer toutes les commandes \u00e0 cette adresse, \u00e0 moins que vous n&rsquo;indiquiez par \u00e9crit une autre adresse \u00e0 laquelle vos commandes doivent \u00eatre envoy\u00e9es.<br data-start=\"9980\" data-end=\"9983\">11.2 Si Goizper Central Europe a autoris\u00e9, tacitement ou non, des \u00e9carts par rapport aux pr\u00e9sentes conditions g\u00e9n\u00e9rales pendant une p\u00e9riode plus ou moins longue, cela n&rsquo;affecte pas son droit d&rsquo;exiger encore le respect direct et strict des pr\u00e9sentes conditions g\u00e9n\u00e9rales. Vous ne pouvez jamais faire valoir de droits au motif que Goizper Central Europe applique les pr\u00e9sentes conditions g\u00e9n\u00e9rales avec souplesse.<br data-start=\"10350\" data-end=\"10353\">11.3 Si une ou plusieurs dispositions des pr\u00e9sentes conditions g\u00e9n\u00e9rales ou de tout autre accord avec Goizper Central Europe devaient \u00eatre en contradiction avec une disposition l\u00e9gale applicable, la disposition en question deviendrait caduque et serait remplac\u00e9e par une nouvelle disposition similaire \u00e0 d\u00e9terminer par Goizper Central Europe.<br data-start=\"10716\" data-end=\"10719\">11.4 Goizper Central Europe est autoris\u00e9 \u00e0 faire appel \u00e0 des tiers lors de l&rsquo;ex\u00e9cution de votre\/vos commande(s). <\/p><p data-start=\"9681\" data-end=\"10831\"> <\/p><p data-start=\"10833\" data-end=\"11222\"><strong data-start=\"10833\" data-end=\"10887\">Article 12. Droit applicable et juridiction comp\u00e9tente <\/strong><br data-start=\"10887\" data-end=\"10890\">12.1 Tous les droits, obligations, offres, commandes et accords auxquels s&rsquo;appliquent les pr\u00e9sentes conditions, ainsi que les pr\u00e9sentes conditions, sont exclusivement r\u00e9gis par le droit n\u00e9erlandais.<br data-start=\"11094\" data-end=\"11097\">12.2 Tous les litiges entre les parties sont exclusivement soumis au tribunal comp\u00e9tent aux Pays-Bas.<\/p>\t\t\t\t\t\t\t\t<\/div>\n\t\t\t\t<\/div>\n\t\t\t\t\t<\/div>\n\t\t\t\t<\/div>\n\t\t<div class=\"elementor-element elementor-element-2d31f6f e-flex e-con-boxed e-con e-parent\" data-id=\"2d31f6f\" data-element_type=\"container\" data-e-type=\"container\">\n\t\t\t\t\t<div class=\"e-con-inner\">\n\t\t\t\t\t<\/div>\n\t\t\t\t<\/div>\n\t\t\t\t<\/div>\n\t\t","protected":false},"excerpt":{"rendered":"<p>Article 1. Champ d&rsquo;application 1.1 Toutes les offres, commandes et accords de Goizper Central Europe sont soumis aux pr\u00e9sentes conditions g\u00e9n\u00e9rales.1.2 L&rsquo;acceptation d&rsquo;une offre ou la passation d&rsquo;une commande implique que vous acceptez l&rsquo;applicabilit\u00e9 des pr\u00e9sentes conditions g\u00e9n\u00e9rales.1.3 Il ne peut \u00eatre d\u00e9rog\u00e9 aux dispositions des pr\u00e9sentes conditions que par \u00e9crit, auquel cas les autres [&hellip;]<\/p>\n","protected":false},"author":1,"featured_media":0,"parent":0,"menu_order":0,"comment_status":"closed","ping_status":"closed","template":"","meta":{"site-sidebar-layout":"no-sidebar","site-content-layout":"page-builder","ast-site-content-layout":"full-width-container","site-content-style":"default","site-sidebar-style":"default","ast-global-header-display":"","ast-banner-title-visibility":"","ast-main-header-display":"","ast-hfb-above-header-display":"","ast-hfb-below-header-display":"","ast-hfb-mobile-header-display":"","site-post-title":"disabled","ast-breadcrumbs-content":"","ast-featured-img":"disabled","footer-sml-layout":"","ast-disable-related-posts":"","theme-transparent-header-meta":"","adv-header-id-meta":"","stick-header-meta":"","header-above-stick-meta":"","header-main-stick-meta":"","header-below-stick-meta":"","astra-migrate-meta-layouts":"default","ast-page-background-enabled":"default","ast-page-background-meta":{"desktop":{"background-color":"var(--ast-global-color-4)","background-image":"","background-repeat":"repeat","background-position":"center center","background-size":"auto","background-attachment":"scroll","background-type":"","background-media":"","overlay-type":"","overlay-color":"","overlay-opacity":"","overlay-gradient":""},"tablet":{"background-color":"","background-image":"","background-repeat":"repeat","background-position":"center center","background-size":"auto","background-attachment":"scroll","background-type":"","background-media":"","overlay-type":"","overlay-color":"","overlay-opacity":"","overlay-gradient":""},"mobile":{"background-color":"","background-image":"","background-repeat":"repeat","background-position":"center center","background-size":"auto","background-attachment":"scroll","background-type":"","background-media":"","overlay-type":"","overlay-color":"","overlay-opacity":"","overlay-gradient":""}},"ast-content-background-meta":{"desktop":{"background-color":"var(--ast-global-color-5)","background-image":"","background-repeat":"repeat","background-position":"center center","background-size":"auto","background-attachment":"scroll","background-type":"","background-media":"","overlay-type":"","overlay-color":"","overlay-opacity":"","overlay-gradient":""},"tablet":{"background-color":"var(--ast-global-color-5)","background-image":"","background-repeat":"repeat","background-position":"center center","background-size":"auto","background-attachment":"scroll","background-type":"","background-media":"","overlay-type":"","overlay-color":"","overlay-opacity":"","overlay-gradient":""},"mobile":{"background-color":"var(--ast-global-color-5)","background-image":"","background-repeat":"repeat","background-position":"center center","background-size":"auto","background-attachment":"scroll","background-type":"","background-media":"","overlay-type":"","overlay-color":"","overlay-opacity":"","overlay-gradient":""}},"footnotes":""},"class_list":["post-8865","page","type-page","status-publish","hentry"],"_links":{"self":[{"href":"https:\/\/ikmatabishop.com\/fr\/wp-json\/wp\/v2\/pages\/8865","targetHints":{"allow":["GET"]}}],"collection":[{"href":"https:\/\/ikmatabishop.com\/fr\/wp-json\/wp\/v2\/pages"}],"about":[{"href":"https:\/\/ikmatabishop.com\/fr\/wp-json\/wp\/v2\/types\/page"}],"author":[{"embeddable":true,"href":"https:\/\/ikmatabishop.com\/fr\/wp-json\/wp\/v2\/users\/1"}],"replies":[{"embeddable":true,"href":"https:\/\/ikmatabishop.com\/fr\/wp-json\/wp\/v2\/comments?post=8865"}],"version-history":[{"count":2,"href":"https:\/\/ikmatabishop.com\/fr\/wp-json\/wp\/v2\/pages\/8865\/revisions"}],"predecessor-version":[{"id":8869,"href":"https:\/\/ikmatabishop.com\/fr\/wp-json\/wp\/v2\/pages\/8865\/revisions\/8869"}],"wp:attachment":[{"href":"https:\/\/ikmatabishop.com\/fr\/wp-json\/wp\/v2\/media?parent=8865"}],"curies":[{"name":"wp","href":"https:\/\/api.w.org\/{rel}","templated":true}]}}