{"id":8707,"date":"2025-08-19T14:44:13","date_gmt":"2025-08-19T12:44:13","guid":{"rendered":"https:\/\/ikmatabishop.com\/product\/kit-de-maintenance-ik-alk-pro-12-foam-pro-12-alk-8-26-81-874\/"},"modified":"2025-09-02T12:06:14","modified_gmt":"2025-09-02T10:06:14","slug":"kit-de-maintenance-ik-alk-pro-12-foam-pro-12-alk-8-26-81-874","status":"publish","type":"product","link":"https:\/\/ikmatabishop.com\/fr\/produit\/kit-de-maintenance-ik-alk-pro-12-foam-pro-12-alk-8-26-81-874\/","title":{"rendered":"Kit de maintenance IK Alk PRO 12 \/ Foam PRO 12 Alk &#8211; (8.26.81.874)"},"content":{"rendered":"","protected":false},"excerpt":{"rendered":"<p>&nbsp;<\/p>\n<table border=\"1\" cellspacing=\"0\" cellpadding=\"8\">\n<thead style=\"background-color: #333; color: white;\">\n<tr>\n<th style=\"text-align: left;\">Pi\u00e8ces<\/th>\n<th style=\"text-align: left;\">Code<\/th>\n<th style=\"text-align: left;\">Q<\/th>\n<\/tr>\n<\/thead>\n<tbody>\n<tr>\n<td>Bague d&rsquo;\u00e9tanch\u00e9it\u00e9 FPM (Viton) (613)<\/td>\n<td>83811314<\/td>\n<td>1<\/td>\n<\/tr>\n<tr>\n<td>Joint EPDM AN-30 (1137)<\/td>\n<td>22317930<\/td>\n<td>1<\/td>\n<\/tr>\n<tr>\n<td>Joint torique EPDM AN5 (1500)<\/td>\n<td>22317905<\/td>\n<td>1<\/td>\n<\/tr>\n<tr>\n<td>Joint torique EPDM AN8 (1502)<\/td>\n<td>22317908<\/td>\n<td>4<\/td>\n<\/tr>\n<tr>\n<td>Chambre des vannes IK Alk. (1118)<\/td>\n<td>838053143<\/td>\n<td>1<\/td>\n<\/tr>\n<tr>\n<td>Joint torique EPDM AN16 (1503)<\/td>\n<td>22317916<\/td>\n<td>1<\/td>\n<\/tr>\n<\/tbody>\n<\/table>\n<p>&nbsp;<\/p>\n","protected":false},"featured_media":8544,"comment_status":"closed","ping_status":"closed","template":"","meta":{"site-sidebar-layout":"default","site-content-layout":"","ast-site-content-layout":"default","site-content-style":"default","site-sidebar-style":"default","ast-global-header-display":"","ast-banner-title-visibility":"","ast-main-header-display":"","ast-hfb-above-header-display":"","ast-hfb-below-header-display":"","ast-hfb-mobile-header-display":"","site-post-title":"","ast-breadcrumbs-content":"","ast-featured-img":"","footer-sml-layout":"","ast-disable-related-posts":"","theme-transparent-header-meta":"default","adv-header-id-meta":"","stick-header-meta":"","header-above-stick-meta":"","header-main-stick-meta":"","header-below-stick-meta":"","astra-migrate-meta-layouts":"default","ast-page-background-enabled":"default","ast-page-background-meta":{"desktop":{"background-color":"var(--ast-global-color-4)","background-image":"","background-repeat":"repeat","background-position":"center center","background-size":"auto","background-attachment":"scroll","background-type":"","background-media":"","overlay-type":"","overlay-color":"","overlay-opacity":"","overlay-gradient":""},"tablet":{"background-color":"","background-image":"","background-repeat":"repeat","background-position":"center center","background-size":"auto","background-attachment":"scroll","background-type":"","background-media":"","overlay-type":"","overlay-color":"","overlay-opacity":"","overlay-gradient":""},"mobile":{"background-color":"","background-image":"","background-repeat":"repeat","background-position":"center center","background-size":"auto","background-attachment":"scroll","background-type":"","background-media":"","overlay-type":"","overlay-color":"","overlay-opacity":"","overlay-gradient":""}},"ast-content-background-meta":{"desktop":{"background-color":"var(--ast-global-color-5)","background-image":"","background-repeat":"repeat","background-position":"center center","background-size":"auto","background-attachment":"scroll","background-type":"","background-media":"","overlay-type":"","overlay-color":"","overlay-opacity":"","overlay-gradient":""},"tablet":{"background-color":"var(--ast-global-color-5)","background-image":"","background-repeat":"repeat","background-position":"center center","background-size":"auto","background-attachment":"scroll","background-type":"","background-media":"","overlay-type":"","overlay-color":"","overlay-opacity":"","overlay-gradient":""},"mobile":{"background-color":"var(--ast-global-color-5)","background-image":"","background-repeat":"repeat","background-position":"center center","background-size":"auto","background-attachment":"scroll","background-type":"","background-media":"","overlay-type":"","overlay-color":"","overlay-opacity":"","overlay-gradient":""}}},"product_brand":[],"product_cat":[233,601],"product_tag":[],"class_list":{"0":"post-8707","1":"product","2":"type-product","3":"status-publish","4":"has-post-thumbnail","6":"product_cat-ik-fr","7":"product_cat-ik-mousse-alcaline-pro-12","8":"desktop-align-left","9":"tablet-align-left","10":"mobile-align-left","12":"first","13":"instock","14":"taxable","15":"shipping-taxable","16":"purchasable","17":"product-type-simple"},"_links":{"self":[{"href":"https:\/\/ikmatabishop.com\/fr\/wp-json\/wp\/v2\/product\/8707","targetHints":{"allow":["GET"]}}],"collection":[{"href":"https:\/\/ikmatabishop.com\/fr\/wp-json\/wp\/v2\/product"}],"about":[{"href":"https:\/\/ikmatabishop.com\/fr\/wp-json\/wp\/v2\/types\/product"}],"replies":[{"embeddable":true,"href":"https:\/\/ikmatabishop.com\/fr\/wp-json\/wp\/v2\/comments?post=8707"}],"wp:featuredmedia":[{"embeddable":true,"href":"https:\/\/ikmatabishop.com\/fr\/wp-json\/wp\/v2\/media\/8544"}],"wp:attachment":[{"href":"https:\/\/ikmatabishop.com\/fr\/wp-json\/wp\/v2\/media?parent=8707"}],"wp:term":[{"taxonomy":"product_brand","embeddable":true,"href":"https:\/\/ikmatabishop.com\/fr\/wp-json\/wp\/v2\/product_brand?post=8707"},{"taxonomy":"product_cat","embeddable":true,"href":"https:\/\/ikmatabishop.com\/fr\/wp-json\/wp\/v2\/product_cat?post=8707"},{"taxonomy":"product_tag","embeddable":true,"href":"https:\/\/ikmatabishop.com\/fr\/wp-json\/wp\/v2\/product_tag?post=8707"}],"curies":[{"name":"wp","href":"https:\/\/api.w.org\/{rel}","templated":true}]}}